{"id":18,"date":"2015-09-04T13:53:41","date_gmt":"2015-09-04T13:53:41","guid":{"rendered":"http:\/\/www.nordschwabenlauf.de\/?page_id=18"},"modified":"2025-12-31T07:52:26","modified_gmt":"2025-12-31T07:52:26","slug":"hauptlauf-10-km","status":"publish","type":"page","link":"http:\/\/www.nordschwabenlauf.de\/index.php\/hauptlauf-10-km\/","title":{"rendered":"Hauptlauf 10 km"},"content":{"rendered":"<h5>Streckenl\u00e4nge<\/h5>\n<ul>\n<li>ca. 10 km \u2013 zwei Runden zu laufen<\/li>\n<\/ul>\n<h5>Startberechtigt<\/h5>\n<ul>\n<li>Alle Altersklassen f\u00fcr M\u00e4nner und Frauen ab 14 Jahren (U16, ab 2012) m\u00f6glich<\/li>\n<\/ul>\n<h5>Wertungen<\/h5>\n<ul>\n<li>Alle Altersklassen f\u00fcr M\u00e4nner und Frauen<\/li>\n<li>Gesamtwertung f\u00fcr M\u00e4nner und Frauen<\/li>\n<li>Ehrenpreise nur f\u00fcr Altersklassen<\/li>\n<\/ul>\n<h5>Startgeb\u00fchr<\/h5>\n<p>siehe Details und Anmeldung<\/p>\n","protected":false},"excerpt":{"rendered":"<p>Streckenl\u00e4nge ca. 10 km \u2013 zwei Runden zu laufen Startberechtigt Alle Altersklassen f\u00fcr M\u00e4nner und Frauen ab 14 Jahren (U16, ab 2012) m\u00f6glich Wertungen Alle Altersklassen f\u00fcr M\u00e4nner und Frauen Gesamtwertung f\u00fcr M\u00e4nner und Frauen Ehrenpreise nur f\u00fcr Altersklassen Startgeb\u00fchr siehe Details und Anmeldung<\/p>\n","protected":false},"author":1,"featured_media":0,"parent":0,"menu_order":0,"comment_status":"closed","ping_status":"closed","template":"","meta":{"footnotes":""},"class_list":["post-18","page","type-page","status-publish","hentry"],"_links":{"self":[{"href":"http:\/\/www.nordschwabenlauf.de\/index.php\/wp-json\/wp\/v2\/pages\/18","targetHints":{"allow":["GET"]}}],"collection":[{"href":"http:\/\/www.nordschwabenlauf.de\/index.php\/wp-json\/wp\/v2\/pages"}],"about":[{"href":"http:\/\/www.nordschwabenlauf.de\/index.php\/wp-json\/wp\/v2\/types\/page"}],"author":[{"embeddable":true,"href":"http:\/\/www.nordschwabenlauf.de\/index.php\/wp-json\/wp\/v2\/users\/1"}],"replies":[{"embeddable":true,"href":"http:\/\/www.nordschwabenlauf.de\/index.php\/wp-json\/wp\/v2\/comments?post=18"}],"version-history":[{"count":10,"href":"http:\/\/www.nordschwabenlauf.de\/index.php\/wp-json\/wp\/v2\/pages\/18\/revisions"}],"predecessor-version":[{"id":1341,"href":"http:\/\/www.nordschwabenlauf.de\/index.php\/wp-json\/wp\/v2\/pages\/18\/revisions\/1341"}],"wp:attachment":[{"href":"http:\/\/www.nordschwabenlauf.de\/index.php\/wp-json\/wp\/v2\/media?parent=18"}],"curies":[{"name":"wp","href":"https:\/\/api.w.org\/{rel}","templated":true}]}}