{"id":450,"date":"2016-11-13T18:27:04","date_gmt":"2016-11-13T18:27:04","guid":{"rendered":"http:\/\/www.nordschwabenlauf.de\/?page_id=450"},"modified":"2026-01-05T19:05:39","modified_gmt":"2026-01-05T19:05:39","slug":"jugend-und-schulerlauf","status":"publish","type":"page","link":"http:\/\/www.nordschwabenlauf.de\/index.php\/jugend-und-schulerlauf\/","title":{"rendered":"Bambini-Sch\u00fcler"},"content":{"rendered":"\n<h2 class=\"wp-block-heading\">Bambini<\/h2>\n\n\n\n<p>U6 (2021 und j\u00fcnger): eine Stadionrunde (300 m)<\/p>\n\n\n\n<h4 class=\"wp-block-heading\">&nbsp;Sch\u00fcler U14, U12, U10,<\/h4>\n\n\n\n<ul class=\"wp-block-list\">\n<li>ca. 1,6 km \u2013 zwei Runden zu laufen<\/li>\n\n\n\n<li>Start 14:20 Uhr<\/li>\n<\/ul>\n\n\n\n<h5 class=\"wp-block-heading\">Startberechtigt<\/h5>\n\n\n\n<figure class=\"wp-block-table\"><table><tbody><tr><td><span style=\"color: #000000;\">U10<\/span><\/td><td><span style=\"color: #000000;\">201<\/span>8<\/td><td><span style=\"color: #000000;\">201<\/span>7<\/td><\/tr><tr><td><span style=\"color: #000000;\">U12<\/span><\/td><td><span style=\"color: #000000;\">201<\/span>6<\/td><td><span style=\"color: #000000;\">201<\/span>5<\/td><\/tr><tr><td><span style=\"color: #000000;\">U14<\/span><\/td><td><span style=\"color: #000000;\">201<\/span>4<\/td><td>2013<\/td><\/tr><\/tbody><\/table><\/figure>\n\n\n\n<p><\/p>\n\n\n\n<h5 class=\"wp-block-heading\">Wertungen<\/h5>\n\n\n\n<ul class=\"wp-block-list\">\n<li><strong>U10<\/strong> m\u00e4nnlich und weiblich<\/li>\n\n\n\n<li><strong>U12<\/strong> m\u00e4nnlich und weiblich<\/li>\n\n\n\n<li><strong>U14<\/strong> m\u00e4nnlich und weiblich<\/li>\n<\/ul>\n\n\n\n<h5 class=\"wp-block-heading\">Startgeb\u00fchr<\/h5>\n\n\n\n<p>siehe Ausschreibung und Anmeldung<\/p>\n\n\n\n<h4 class=\"wp-block-heading\">&nbsp;Sch\u00fcler U8, U10<\/h4>\n\n\n\n<ul class=\"wp-block-list\">\n<li>ca. 0,9 km &#8211; Runde<\/li>\n\n\n\n<li>Start 14:20 Uhr<\/li>\n<\/ul>\n\n\n\n<h5 class=\"wp-block-heading\">Startberechtigt<\/h5>\n\n\n\n<figure class=\"wp-block-table\"><table><tbody><tr><td><span style=\"color: #000000;\">U8<\/span><\/td><td><span style=\"color: #000000;\">20<\/span>20<\/td><td><span style=\"color: #000000;\">201<\/span>9<\/td><\/tr><tr><td><span style=\"color: #000000;\">U10<\/span><\/td><td><span style=\"color: #000000;\">201<\/span>8<\/td><td><span style=\"color: #000000;\">201<\/span>7<\/td><\/tr><\/tbody><\/table><\/figure>\n\n\n\n<h5 class=\"wp-block-heading\">Wertungen<\/h5>\n\n\n\n<ul class=\"wp-block-list\">\n<li><strong>U8<\/strong> m\u00e4nnlich und weiblich<\/li>\n\n\n\n<li><strong>U10<\/strong>&nbsp;m\u00e4nnlich und weiblich<\/li>\n<\/ul>\n\n\n\n<h5 class=\"wp-block-heading\">Startgeb\u00fchr<\/h5>\n\n\n\n<p>siehe Ausschreibung und Anmeldung<\/p>\n\n\n\n<p>Startzeiten k\u00f6nnen sich noch \u00e4ndern!<\/p>\n","protected":false},"excerpt":{"rendered":"<p>Bambini U6 (2021 und j\u00fcnger): eine Stadionrunde (300 m) &nbsp;Sch\u00fcler U14, U12, U10, Startberechtigt U10 2018 2017 U12 2016 2015 U14 2014 2013 Wertungen Startgeb\u00fchr siehe Ausschreibung und Anmeldung &nbsp;Sch\u00fcler U8, U10 Startberechtigt U8 2020 2019 U10 2018 2017 Wertungen Startgeb\u00fchr siehe Ausschreibung und Anmeldung Startzeiten k\u00f6nnen sich noch \u00e4ndern!<\/p>\n","protected":false},"author":1,"featured_media":0,"parent":0,"menu_order":0,"comment_status":"closed","ping_status":"closed","template":"","meta":{"footnotes":""},"class_list":["post-450","page","type-page","status-publish","hentry"],"_links":{"self":[{"href":"http:\/\/www.nordschwabenlauf.de\/index.php\/wp-json\/wp\/v2\/pages\/450","targetHints":{"allow":["GET"]}}],"collection":[{"href":"http:\/\/www.nordschwabenlauf.de\/index.php\/wp-json\/wp\/v2\/pages"}],"about":[{"href":"http:\/\/www.nordschwabenlauf.de\/index.php\/wp-json\/wp\/v2\/types\/page"}],"author":[{"embeddable":true,"href":"http:\/\/www.nordschwabenlauf.de\/index.php\/wp-json\/wp\/v2\/users\/1"}],"replies":[{"embeddable":true,"href":"http:\/\/www.nordschwabenlauf.de\/index.php\/wp-json\/wp\/v2\/comments?post=450"}],"version-history":[{"count":28,"href":"http:\/\/www.nordschwabenlauf.de\/index.php\/wp-json\/wp\/v2\/pages\/450\/revisions"}],"predecessor-version":[{"id":1357,"href":"http:\/\/www.nordschwabenlauf.de\/index.php\/wp-json\/wp\/v2\/pages\/450\/revisions\/1357"}],"wp:attachment":[{"href":"http:\/\/www.nordschwabenlauf.de\/index.php\/wp-json\/wp\/v2\/media?parent=450"}],"curies":[{"name":"wp","href":"https:\/\/api.w.org\/{rel}","templated":true}]}}