{"id":528,"date":"2017-05-16T17:43:47","date_gmt":"2017-05-16T17:43:47","guid":{"rendered":"http:\/\/www.nordschwabenlauf.de\/?page_id=528"},"modified":"2026-01-06T07:12:41","modified_gmt":"2026-01-06T07:12:41","slug":"ergebnisse","status":"publish","type":"page","link":"http:\/\/www.nordschwabenlauf.de\/index.php\/ergebnisse\/","title":{"rendered":"Ergebnisse"},"content":{"rendered":"\n<h3 class=\"wp-block-heading\">2026<\/h3>\n\n\n\n<p>Urkunden ausdrucken &#8211; in den Ergebnissen auf den Namen klicken und Urkundendruck ausw\u00e4hlen<\/p>\n\n\n\n<p><a href=\"https:\/\/ergebnisse.zeitgemaess.info\/202605021\">Ergebnisse HIER einsehbar<\/a><\/p>\n\n\n\n<h3 class=\"wp-block-heading\">2025<\/h3>\n\n\n\n<p>Urkunden ausdrucken &#8211; in den Ergebnissen auf den Namen klicken und Urkundendruck ausw\u00e4hlen<\/p>\n\n\n\n<p><a href=\"https:\/\/ergebnisse.zeitgemaess.info\/202505173\">Ergebnisse HIER einsehbar<\/a><\/p>\n\n\n\n<h3 class=\"wp-block-heading\">2024<\/h3>\n\n\n\n<p>Urkunden ausdrucken &#8211; in den Ergebnissen auf den Namen klicken und Urkundendruck ausw\u00e4hlen<\/p>\n\n\n\n<p><a href=\"http:\/\/ergebnisse.zeitgemaess.info\/202404272\">Ergebnisse HIER einsehbar<\/a><\/p>\n\n\n\n<h3 class=\"wp-block-heading\">2023<\/h3>\n\n\n\n<p><a href=\"http:\/\/ergebnisse.zeitgemaess.info\/202305203\" target=\"_blank\" rel=\"noreferrer noopener\">Ergebnisse HIER einsehbar<\/a><\/p>\n\n\n\n<p>Urkunden ausdrucken &#8211; in den Ergebnissen auf den Namen klicken und Urkundendruck ausw\u00e4hlen<\/p>\n\n\n\n<p><a href=\"http:\/\/augsburger-allgemeine.de\/dillingen\/55-Nordschwabenlauf-in-Gundelfingen-Erstmals-ist-Start-und-Ziel-auf-der-Bleiche-id66572661.html\">Bilder der Donauzeitung<\/a><\/p>\n\n\n\n<h3 class=\"wp-block-heading\">2019<\/h3>\n\n\n\n<p><a href=\"http:\/\/www.nordschwabenlauf.de\/wp-content\/uploads\/900000_12_km_Schuelerlauf_weiblich.pdf\">1,2 M\u00e4dchen<\/a>&nbsp;&nbsp; &nbsp;<a href=\"http:\/\/www.nordschwabenlauf.de\/wp-content\/uploads\/900000_12_km_Schuelerlauf_maennlich.pdf\">&nbsp;1,2 Buben<\/a>&nbsp; &nbsp; &nbsp;<a href=\"http:\/\/www.nordschwabenlauf.de\/wp-content\/uploads\/900001_33_km_Schuelerlauf_weiblich.pdf\">3,3 M\u00e4dchen<\/a>&nbsp; &nbsp; &nbsp;<a href=\"http:\/\/www.nordschwabenlauf.de\/wp-content\/uploads\/900001_33_km_Schuelerlauf_maennlich.pdf\">3,3 Buben<\/a><\/p>\n\n\n\n<p><a href=\"http:\/\/www.nordschwabenlauf.de\/wp-content\/uploads\/900002_66_km_FirmenlaufTeamlauf_Teamwertung.pdf\">6,6 Teams<\/a>&nbsp; &nbsp; &nbsp;<a href=\"http:\/\/www.nordschwabenlauf.de\/wp-content\/uploads\/900002_66_km_FirmenlaufTeamlauf_maennlich.pdf\">6,6 m\u00e4nnlich, gesamt<\/a>&nbsp; &nbsp; &nbsp;<a href=\"http:\/\/www.nordschwabenlauf.de\/wp-content\/uploads\/900002_66_km_FirmenlaufTeamlauf_weiblich.pdf\">6,6 weiblich, gesamt<\/a><\/p>\n\n\n\n<p><a href=\"http:\/\/www.nordschwabenlauf.de\/wp-content\/uploads\/900003_10_km_Hauptlauf_maennlich.pdf\">10 m\u00e4nnlich, gesamt und AK<\/a> &nbsp; &nbsp;&nbsp; &nbsp;<a href=\"http:\/\/www.nordschwabenlauf.de\/wp-content\/uploads\/900003_10_km_Hauptlauf_weiblich.pdf\">10 weiblich, gesamt und AK<\/a><\/p>\n\n\n\n<p><a href=\"https:\/\/www.zeitgemaess.info\/event.php?ACCESSCODE=201905112\" target=\"_blank\" rel=\"noopener noreferrer\"><em>Eine Urkunde kann f\u00fcr jeden Teilnehmer noch \u00fcber die Zeitnahme ausgedruckt werden. Den Teilnehmer suchen, anklicken f\u00fcr die Details und auf &#8220;Urkunde-pdf&#8221; klicken.<\/em><\/a><\/p>\n\n\n\n<h3 class=\"wp-block-heading\">2018<\/h3>\n\n\n\n<p><a href=\"http:\/\/www.nordschwabenlauf.de\/wp-content\/uploads\/10_2018_Ergebnisse.pdf\">10 km&nbsp;<\/a>&nbsp; &nbsp; <a href=\"http:\/\/www.nordschwabenlauf.de\/wp-content\/uploads\/6_6_Teams_2018_Ergebnisse.pdf\">6,6 km Teams<\/a>&nbsp;&nbsp;&nbsp;&nbsp;&nbsp;&nbsp; <a href=\"http:\/\/www.nordschwabenlauf.de\/wp-content\/uploads\/6_6_Einzel_Ergebnisse.pdf\">6,6 km gesamt&nbsp;<\/a>&nbsp;&nbsp;&nbsp;&nbsp;&nbsp; <a href=\"http:\/\/www.nordschwabenlauf.de\/wp-content\/uploads\/1_2_2018_Ergebnisse.pdf\">Sch\u00fcler 1,2<\/a>&nbsp;&nbsp;&nbsp;&nbsp;&nbsp; <a href=\"http:\/\/www.nordschwabenlauf.de\/wp-content\/uploads\/3_3_2018_Ergebnisse.pdf\">Sch\u00fcler 3,3<\/a><\/p>\n\n\n\n<h3 class=\"wp-block-heading\">2017<\/h3>\n\n\n\n<p><a href=\"http:\/\/www.nordschwabenlauf.de\/wp-content\/uploads\/10_2017_gesamt.pdf\">10 km&nbsp;&nbsp;<\/a>&nbsp;&nbsp;&nbsp;&nbsp;&nbsp;&nbsp;<a href=\"http:\/\/www.nordschwabenlauf.de\/wp-content\/uploads\/66_2017_Teams.pdf\">&nbsp; 6,6 km Teams&nbsp;&nbsp;<\/a>&nbsp;&nbsp;&nbsp;&nbsp;&nbsp;&nbsp;&nbsp; <a href=\"http:\/\/www.nordschwabenlauf.de\/wp-content\/uploads\/66_2017_gesamt.pdf\">6,6 km gesamt&nbsp;&nbsp;<\/a>&nbsp;&nbsp;&nbsp;&nbsp;&nbsp;&nbsp;&nbsp; <a href=\"http:\/\/www.nordschwabenlauf.de\/wp-content\/uploads\/Schueler_2017_AK.pdf\">Sch\u00fcler 1,2 und 3,3<\/a><\/p>\n\n\n\n<h3 class=\"wp-block-heading\">2016<\/h3>\n\n\n\n<p><a href=\"http:\/\/www.nordschwabenlauf.de\/wp-content\/uploads\/10km_2016.pdf\">10 km<\/a><\/p>\n\n\n\n<p><a href=\"http:\/\/www.nordschwabenlauf.de\/wp-content\/uploads\/6_6km_2016.pdf\">6,6 km<\/a><\/p>\n","protected":false},"excerpt":{"rendered":"<p>2026 Urkunden ausdrucken &#8211; in den Ergebnissen auf den Namen klicken und Urkundendruck ausw\u00e4hlen Ergebnisse HIER einsehbar 2025 Urkunden ausdrucken &#8211; in den Ergebnissen auf den Namen klicken und Urkundendruck ausw\u00e4hlen Ergebnisse HIER einsehbar 2024 Urkunden ausdrucken &#8211; in den Ergebnissen auf den Namen klicken und Urkundendruck ausw\u00e4hlen Ergebnisse HIER einsehbar 2023 Ergebnisse HIER einsehbar &hellip; <a href=\"http:\/\/www.nordschwabenlauf.de\/index.php\/ergebnisse\/\" class=\"more-link\">Continue reading <span class=\"screen-reader-text\">Ergebnisse<\/span> <span class=\"meta-nav\">&rarr;<\/span><\/a><\/p>\n","protected":false},"author":1,"featured_media":0,"parent":0,"menu_order":0,"comment_status":"closed","ping_status":"closed","template":"","meta":{"footnotes":""},"class_list":["post-528","page","type-page","status-publish","hentry"],"_links":{"self":[{"href":"http:\/\/www.nordschwabenlauf.de\/index.php\/wp-json\/wp\/v2\/pages\/528","targetHints":{"allow":["GET"]}}],"collection":[{"href":"http:\/\/www.nordschwabenlauf.de\/index.php\/wp-json\/wp\/v2\/pages"}],"about":[{"href":"http:\/\/www.nordschwabenlauf.de\/index.php\/wp-json\/wp\/v2\/types\/page"}],"author":[{"embeddable":true,"href":"http:\/\/www.nordschwabenlauf.de\/index.php\/wp-json\/wp\/v2\/users\/1"}],"replies":[{"embeddable":true,"href":"http:\/\/www.nordschwabenlauf.de\/index.php\/wp-json\/wp\/v2\/comments?post=528"}],"version-history":[{"count":22,"href":"http:\/\/www.nordschwabenlauf.de\/index.php\/wp-json\/wp\/v2\/pages\/528\/revisions"}],"predecessor-version":[{"id":1364,"href":"http:\/\/www.nordschwabenlauf.de\/index.php\/wp-json\/wp\/v2\/pages\/528\/revisions\/1364"}],"wp:attachment":[{"href":"http:\/\/www.nordschwabenlauf.de\/index.php\/wp-json\/wp\/v2\/media?parent=528"}],"curies":[{"name":"wp","href":"https:\/\/api.w.org\/{rel}","templated":true}]}}