{"id":63,"date":"2015-09-14T21:44:40","date_gmt":"2015-09-14T21:44:40","guid":{"rendered":"http:\/\/www.nordschwabenlauf.de\/?page_id=63"},"modified":"2016-03-23T21:51:55","modified_gmt":"2016-03-23T21:51:55","slug":"impressum","status":"publish","type":"page","link":"http:\/\/www.nordschwabenlauf.de\/index.php\/impressum\/","title":{"rendered":"Impressum"},"content":{"rendered":"<p>FC 1920 Gundelfingen VfL e. V.\/Abteilung Leichtathletik, Stadion-Stra\u00dfe 1, 89423 Gundelfingen<\/p>\n<p>Bernhard Leo\/Abteilungsleiter<\/p>\n<p>Amtsgericht Augsburg: Registernummer\u00a0 VR 30073<br \/>\nSteuernummer\u00a0 152\/108\/20768<\/p>\n<p>Inhaltlich Verantwortlicher gem\u00e4\u00df \u00a7 55 Abs. 2 RStV:<\/p>\n<p>Robert Holzapfel<br \/>\nholzapfel\u00a0 \u00e4t\u00a0 nordschwabenlauf.de<\/p>\n<p>&nbsp;<\/p>\n<p><strong>Haftungsausschluss:<\/strong><\/p>\n<p>1. Inhalt des Onlineangebotes<br \/>\nDer Autor \u00fcbernimmt keinerlei Gew\u00e4hr f\u00fcr die Aktualit\u00e4t, Korrektheit, Vollst\u00e4ndigkeit oder Qualit\u00e4t der bereitgestellten\u00a0Informationen. Haftungsanspr\u00fcche gegen den Autor, welche sich auf Sch\u00e4den materieller oder ideeler Art beziehen, die durch\u00a0die Nutzung oder Nichtnutzung der dargebotenen Informationen bzw. durch die Nutzung fehlerhafter und unvollst\u00e4diger\u00a0Informationen verursacht wurden, sind grunds\u00e4tzlich ausgeschlossen, sofern seitens des Autors kein nachweislich\u00a0vors\u00e4tzliches oder grob fahrl\u00e4ssiges Handeln vorliegt. Alle Angebote sind freibleibend und unverbindlich. Der Autor beh\u00e4lt\u00a0sich ausdr\u00fccklich vor, Teile der Seiten zu ver\u00e4ndern oder das gesamte Angebot ohne gesonderte Ank\u00fcndigung zu ver\u00e4ndern, zu\u00a0l\u00f6schen oder die Ver\u00f6ffentlichung zeitweise oder endg\u00fcltig einzustellen.<\/p>\n<p>2. Verweise und Links<br \/>\nBei direkten oder indirekten Verweisen auf fremde Internetseiten (\u201eLinks\u201c), die au\u00dferhalb des Verantwortungsbereiches des\u00a0Autors liegen, w\u00fcrde eine Haftungsverpflichtung ausschlie\u00dflich in dem Fall in Kraft treten, in dem der Autor von den Inhalten\u00a0Kenntnis hat und es ihm technisch m\u00f6glich und zumutbar w\u00e4re, die Nutzung im Falle rechtswidriger Inhalte zu verhindern.\u00a0Der Autor erkl\u00e4rt hiermit ausdr\u00fccklich, dass zum Zeitpunkt der Linksetzung keine illegaleen Inhalte auf den zu verlinktenden\u00a0Seiten erkennbar waren. Auf die aktuelle und zuk\u00fcnftige Gestaltung, die Inhalte oder die Urheberschaft der gelinkten,\u00a0verkn\u00fcpften Seiten hat der Autor keinerlei Einfluss. Deshalb distanziert er sich hiermit ausdr\u00fccklich von allen Inhalten aller\u00a0gelinkten, verkn\u00fcpften Seiten, die nach der Linksetzung ver\u00e4ndert wurden. Diese Feststellung gilt f\u00fcr alle innerhalb des\u00a0eigenen Internetangebotes gesetzten Links und Verweise, sowie f\u00fcr Fremdeintr\u00e4ge in vom Autor eingerichteten G\u00e4steb\u00fcchern,\u00a0Diskussionsforen und Mailinglisten. F\u00fcr illegale, fehlerhafte Nutzung oder Nichtnutzung solcherart dargebotener\u00a0Informationen entstehen, haftet allein der Anbieter der Seite, auf welche verwiesen wurde, nicht derjenige, der \u00fcber Links auf\u00a0die jeweilige Ver\u00f6ffentlichen lediglich verweist.<\/p>\n<p>3. Urheber- und Kennzeichenrecht<br \/>\nDer Autor ist bestrebt, in allen Publikationen die Urheberrechte der verwendeten Grafiken, Tondokumente, Videosequenzen\u00a0und Texte zu beachten, von ihm selbst erstellte Grafiken, Tondokumente, Videosequenen und Texte zu nutzen oder auf\u00a0lizenzfreie Grafiken, Tondokumente, Videosequenzen und Texte zur\u00fcckzugreifen. Alle innerhalb des Internetangebotes\u00a0genannten und ggf. durch Dritte gesch\u00fctzten Marken- und Warenzeichen unterliegen uneingeschr\u00e4nkt den Bestimmungen des\u00a0jeweils g\u00fctligen Kennzeichenrechts und den Besitzrechten der jeweiligen eingetragenen Eigent\u00fcmern. Allein aufgrund der\u00a0blo\u00dfen Nennung ist nicht der Schluss zu ziehen, dass Markenzeichen nicht durch Rechte Dritter gesch\u00fctzt sind! Das Copyright\u00a0f\u00fcr ver\u00f6ffentlichte, vom Autor selbst erstellt Objekte bleibt allein beim Autor der Seiten. Eine Vervielf\u00e4ltigung oder Verwendung\u00a0solcher Grafiken, Tondokumente, Videosequenzen und Texte in anderen elektronischen oder gedruckten Publikationen ist\u00a0ohne ausdr\u00fcckliche Zustimmung des Autors nicht gestattet.<\/p>\n<p>4. Datenschutz:<br \/>\nSofern innerhalb des Internetangebotes die M\u00f6glichkeit zur Eingabe per\u00f6nlicher oder gesch\u00e4ftlicher Daten (Emailadressen,\u00a0Namen, Anschritten) besteht, so erfolgt die Preisgabe dieser Daten seitens des Nutzers auf ausdr\u00fccklich freiwilliger Basis. Die\u00a0Inanspruchnahme und Bezahlung aller angebotenen Dienste ist \u2013 soweit technisch m\u00f6glich und zumutbar \u2013 auch ohne\u00a0Angabe solcher Daten bzw. unter Angabe anonymisierter Daten oder eines Pseudonyms gestattet. Die Nutzung der im Rahmen\u00a0des Impressuns oder vergleichbarer Angaben ver\u00f6nffentlichten Kontaktdaten wie Postanschriften, Telefon- und Faxnummern,\u00a0sowie Emailadressen durch Dritte zur \u00dcbersendung von nicht ausdr\u00fccklich angeforderten Informationen ist nicht gestattet.\u00a0Rechtliche Schritte gegen die Versender von sogenannten Spam-Mails bei Verst\u00f6\u00dfen gegen dieses Verbot sind ausdr\u00fccklich\u00a0vorbehalten.<\/p>\n<p>5. Rechtswirksamkeit dieses Haftungsausschlusses<br \/>\nDieser Haftungsausschluss ist als Teil des Internetangebotes zu betrachten, von dem aus auf diese Seite verwiesen wurde.\u00a0Sofern Teile oder einzelne Formulierungen dieses Textes der geltenden Rechtslage nicht, nicht mehr oder nicht vollst\u00e4ndig\u00a0entsprechen sollten, bleiben die \u00fcbrigen Teile des Dokumentes in ihrem Inhalt und ihrer G\u00fcltigkeit davon unber\u00fchrt.<\/p>\n","protected":false},"excerpt":{"rendered":"<p>FC 1920 Gundelfingen VfL e. V.\/Abteilung Leichtathletik, Stadion-Stra\u00dfe 1, 89423 Gundelfingen Bernhard Leo\/Abteilungsleiter Amtsgericht Augsburg: Registernummer\u00a0 VR 30073 Steuernummer\u00a0 152\/108\/20768 Inhaltlich Verantwortlicher gem\u00e4\u00df \u00a7 55 Abs. 2 RStV: Robert Holzapfel holzapfel\u00a0 \u00e4t\u00a0 nordschwabenlauf.de &nbsp; Haftungsausschluss: 1. Inhalt des Onlineangebotes Der Autor \u00fcbernimmt keinerlei Gew\u00e4hr f\u00fcr die Aktualit\u00e4t, Korrektheit, Vollst\u00e4ndigkeit oder Qualit\u00e4t der bereitgestellten\u00a0Informationen. Haftungsanspr\u00fcche gegen &hellip; <a href=\"http:\/\/www.nordschwabenlauf.de\/index.php\/impressum\/\" class=\"more-link\">Continue reading <span class=\"screen-reader-text\">Impressum<\/span> <span class=\"meta-nav\">&rarr;<\/span><\/a><\/p>\n","protected":false},"author":1,"featured_media":0,"parent":0,"menu_order":0,"comment_status":"closed","ping_status":"closed","template":"","meta":{"footnotes":""},"class_list":["post-63","page","type-page","status-publish","hentry"],"_links":{"self":[{"href":"http:\/\/www.nordschwabenlauf.de\/index.php\/wp-json\/wp\/v2\/pages\/63","targetHints":{"allow":["GET"]}}],"collection":[{"href":"http:\/\/www.nordschwabenlauf.de\/index.php\/wp-json\/wp\/v2\/pages"}],"about":[{"href":"http:\/\/www.nordschwabenlauf.de\/index.php\/wp-json\/wp\/v2\/types\/page"}],"author":[{"embeddable":true,"href":"http:\/\/www.nordschwabenlauf.de\/index.php\/wp-json\/wp\/v2\/users\/1"}],"replies":[{"embeddable":true,"href":"http:\/\/www.nordschwabenlauf.de\/index.php\/wp-json\/wp\/v2\/comments?post=63"}],"version-history":[{"count":4,"href":"http:\/\/www.nordschwabenlauf.de\/index.php\/wp-json\/wp\/v2\/pages\/63\/revisions"}],"predecessor-version":[{"id":287,"href":"http:\/\/www.nordschwabenlauf.de\/index.php\/wp-json\/wp\/v2\/pages\/63\/revisions\/287"}],"wp:attachment":[{"href":"http:\/\/www.nordschwabenlauf.de\/index.php\/wp-json\/wp\/v2\/media?parent=63"}],"curies":[{"name":"wp","href":"https:\/\/api.w.org\/{rel}","templated":true}]}}