{"id":96,"date":"2015-09-16T18:05:06","date_gmt":"2015-09-16T18:05:06","guid":{"rendered":"http:\/\/www.nordschwabenlauf.de\/?page_id=96"},"modified":"2015-11-22T18:58:08","modified_gmt":"2015-11-22T18:58:08","slug":"haftungsausschluss","status":"publish","type":"page","link":"http:\/\/www.nordschwabenlauf.de\/index.php\/haftungsausschluss\/","title":{"rendered":"Haftungsausschluss"},"content":{"rendered":"<p><b>Haftungsfreistellung-Haftungsbegrenzung<\/b><\/p>\n<p>Ist der Ausrichter in F\u00e4llen h\u00f6herer Gewalt berechtigt oder aufgrund beh\u00f6rdlicher Anordnung oder aus Sicherheitsgr\u00fcnden verpflichtet, \u00c4nderungen in der Durchf\u00fchrung der Veranstaltung vorzunehmen oder diese abzusagen, besteht keine Schadensersatzpflicht des Ausrichters gegen\u00fcber dem Teilnehmer. Der Ausrichter beh\u00e4lt sich das Recht vor, bei Unwetter\/Gewitter oder anderen unvorhersehbaren Gr\u00fcnden den Wettkampf zu unterbrechen oder abzubrechen. F\u00fcr diese F\u00e4lle gibt es keine Startgeldr\u00fcckerstattung. Der Teilnehmer verzichtet mit seiner Anmeldung und seiner Kenntnis dieser Regelung auf jegliche Regressanspr\u00fcche. Bei Nichtteilnahme erfolgt keine R\u00fcckerstattung des Startgeldes. Mit der Anmeldung erkennt der Teilnehmer die Sportordnung des Bayerischen Leichtathletikverbandes und die Bedingungen des Veranstalters und Ausrichter gem\u00e4\u00df der Ausschreibung an. Die Teilnahme erfolgt ausdr\u00fccklich auf eigene Verantwortung und eigenes Risiko. Der Veranstalter \u00fcbernimmt keinerlei Haftung bei Unf\u00e4llen, Diebstahl oder sonstigen Schadensf\u00e4llen. Der Veranstalter sowie deren gesetzliche Vertreter und Erf\u00fcllungsgehilfen haften nur bei vors\u00e4tzlichem oder grob fahrl\u00e4ssigem Verhalten. Der Ausrichter \u00fcbernimmt keine Haftung f\u00fcr gesundheitliche Risiken des Teilnehmers im Zusammenhang mit der Teilnahme an der Veranstaltung. Der Ausrichter \u00fcbernimmt keine Haftung f\u00fcr unentgeltlich verwahrte Gegenst\u00e4nde.<\/p>\n<p><b>Verpflichtung des Teilnehmers<\/b><\/p>\n<p>Mit meiner Anmeldung erkl\u00e4re ich mein Einverst\u00e4ndnis mit den Organisationsrichtlinien und die Bereitschaft, den Anweisungen der Helfer Folge zu leisten. Mein Trainings- und Gesundheitszustand entspricht den Anforderungen des Wettkampfes. F\u00fcr den technischen Zustand des von mir verwendeten Materials bin ich selbst verantwortlich. Ich versichere, dass ich keinerlei Rechtsanspr\u00fcche und Forderungen an den Veranstalter oder Ausrichter, sowie dessen Helfer oder Beauftragte, alle betroffenen St\u00e4dte und Gemeinden und sonstigen Personen oder K\u00f6rperschaften stellen werde, soweit nicht Haftpflichtversicherungsanspr\u00fcche bestehen. Das Startgeld wird nicht eingezogen, wenn meine Meldung nicht angenommen werden konnte. Hiermit erkenne ich die Wettkampfbestimmungen der Ausschreibung und den Haftungsausschluss an.<\/p>\n<p><b>Datenerhebung und Datenverwertung<\/b><\/p>\n<p>Die bei der Anmeldung vom Teilnehmer angegebenen personenbezogenen Daten werden gespeichert und nur zur Durchf\u00fchrung und Abwicklung der Veranstaltung verarbeitet. Der Teilnehmer erkl\u00e4rt sich damit einverstanden, dass die in der Meldung genannten Daten f\u00fcr die Zeitnahme, Platzierung und Ergebnisse erfasst und weitergegeben sowie im Zusammenhang mit der Veranstaltung gemachten Fotos, Filmaufnahmen und Interviews ohne Verg\u00fctungsanspruch ver\u00f6ffentlicht werden d\u00fcrfen. Ferner erkl\u00e4rt sich der Teilnehmer mit der Weitergabe seiner personenbezogenen Daten zum Zwecke der Zusendung von Fotos des Teilnehmers auf der Strecke und beim Zieleinlauf, die von einer vom Veranstalter beauftragten Firma produziert werden, einverstanden. Eine Verpflichtung zum Kauf eines solchen Fotos besteht f\u00fcr den Teilnehmer nicht.<\/p>\n","protected":false},"excerpt":{"rendered":"<p>Haftungsfreistellung-Haftungsbegrenzung Ist der Ausrichter in F\u00e4llen h\u00f6herer Gewalt berechtigt oder aufgrund beh\u00f6rdlicher Anordnung oder aus Sicherheitsgr\u00fcnden verpflichtet, \u00c4nderungen in der Durchf\u00fchrung der Veranstaltung vorzunehmen oder diese abzusagen, besteht keine Schadensersatzpflicht des Ausrichters gegen\u00fcber dem Teilnehmer. Der Ausrichter beh\u00e4lt sich das Recht vor, bei Unwetter\/Gewitter oder anderen unvorhersehbaren Gr\u00fcnden den Wettkampf zu unterbrechen oder abzubrechen. F\u00fcr &hellip; <a href=\"http:\/\/www.nordschwabenlauf.de\/index.php\/haftungsausschluss\/\" class=\"more-link\">Continue reading <span class=\"screen-reader-text\">Haftungsausschluss<\/span> <span class=\"meta-nav\">&rarr;<\/span><\/a><\/p>\n","protected":false},"author":1,"featured_media":0,"parent":0,"menu_order":0,"comment_status":"closed","ping_status":"closed","template":"","meta":{"footnotes":""},"class_list":["post-96","page","type-page","status-publish","hentry"],"_links":{"self":[{"href":"http:\/\/www.nordschwabenlauf.de\/index.php\/wp-json\/wp\/v2\/pages\/96","targetHints":{"allow":["GET"]}}],"collection":[{"href":"http:\/\/www.nordschwabenlauf.de\/index.php\/wp-json\/wp\/v2\/pages"}],"about":[{"href":"http:\/\/www.nordschwabenlauf.de\/index.php\/wp-json\/wp\/v2\/types\/page"}],"author":[{"embeddable":true,"href":"http:\/\/www.nordschwabenlauf.de\/index.php\/wp-json\/wp\/v2\/users\/1"}],"replies":[{"embeddable":true,"href":"http:\/\/www.nordschwabenlauf.de\/index.php\/wp-json\/wp\/v2\/comments?post=96"}],"version-history":[{"count":3,"href":"http:\/\/www.nordschwabenlauf.de\/index.php\/wp-json\/wp\/v2\/pages\/96\/revisions"}],"predecessor-version":[{"id":162,"href":"http:\/\/www.nordschwabenlauf.de\/index.php\/wp-json\/wp\/v2\/pages\/96\/revisions\/162"}],"wp:attachment":[{"href":"http:\/\/www.nordschwabenlauf.de\/index.php\/wp-json\/wp\/v2\/media?parent=96"}],"curies":[{"name":"wp","href":"https:\/\/api.w.org\/{rel}","templated":true}]}}